{"id":112,"date":"2021-06-01T11:37:12","date_gmt":"2021-06-01T11:37:12","guid":{"rendered":"https:\/\/www.car-fix.fi\/?page_id=112"},"modified":"2026-03-06T08:51:50","modified_gmt":"2026-03-06T08:51:50","slug":"korjaamo","status":"publish","type":"page","link":"https:\/\/www.car-fix.fi\/?page_id=112","title":{"rendered":"Korjaamo"},"content":{"rendered":"\n<div class=\"wp-block-buttons is-horizontal is-content-justification-center is-layout-flex wp-container-core-buttons-is-layout-1 wp-block-buttons-is-layout-flex\">\n<div class=\"wp-block-button\"><a class=\"wp-block-button__link has-white-color has-accent-background-color has-text-color has-background wp-element-button\" style=\"border-radius:2px\">050 348 2026<\/a><\/div>\n\n\n\n<div class=\"wp-block-button is-style-outline is-style-outline--1\"><a class=\"wp-block-button__link has-accent-color has-text-color wp-element-button\" style=\"border-radius:2px\">ouluncarfix@gmail.com<\/a><\/div>\n<\/div>\n\n\n\n<div style=\"height:100px\" aria-hidden=\"true\" class=\"wp-block-spacer\"><\/div>\n\n\n\n<p class=\"has-text-align-center\">Olemme Oulun Limingantullissa toimiva AD-autokorjaamo. Huollamme ja korjaamme ammattitaidolla kaikki automerkit alkuper\u00e4islaatuisilla&nbsp;varaosilla. Auton takuu s\u00e4ilyy aina ennallaan uudessakin autossa.<\/p>\n\n\n\n<p class=\"has-text-align-center\">Meilt\u00e4 mm. Kattavat m\u00e4\u00e4r\u00e4aikaishuollot, automaattivaihteisto\u00f6ljyt huuhtelemalla, alustan korjaukset, jakop\u00e4\u00e4huollot, ilmastointihuollot ja vikadiagnoosit.<\/p>\n\n\n<div class=\"wp-block-image\">\n<figure class=\"alignright size-full\"><img loading=\"lazy\" decoding=\"async\" width=\"300\" height=\"300\" src=\"https:\/\/www.car-fix.fi\/wp-content\/uploads\/2022\/03\/korjaamo.jpg\" alt=\"\" class=\"wp-image-330\" srcset=\"https:\/\/www.car-fix.fi\/wp-content\/uploads\/2022\/03\/korjaamo.jpg 300w, https:\/\/www.car-fix.fi\/wp-content\/uploads\/2022\/03\/korjaamo-150x150.jpg 150w\" sizes=\"auto, (max-width: 300px) 100vw, 300px\" \/><\/figure><\/div>\n\n\n<blockquote class=\"wp-block-quote is-layout-flow wp-block-quote-is-layout-flow\">\n<p><strong>Hinnat sis\u00e4lt\u00e4v\u00e4t Alv 25.5%<\/strong><\/p>\n\n\n\n<p><em><strong>Tuntihinta alkaen. 85 \u20ac \/ h<\/strong><\/em><\/p>\n\n\n\n<p><em>\u2022Ilmastointihuolto (R134a)  Alkaen. 69 \u20ac<\/em><\/p>\n\n\n\n<p><em>\u2022Ilmastointihuolto (R1234yf)  Alkaen. 89 \u20ac<\/em><\/p>\n\n\n\n<p><em>\u2022Vikakoodien luku   30 \u20ac<\/em><\/p>\n\n\n\n<p><em>\u2022Renkaiden kausivaihto   35 \u20ac (Pesun kanssa 45 \u20ac)<\/em><\/p>\n\n\n\n<p><em>\u2022<\/em>Rengasty\u00f6t   Alkaen. 60 \u20ac<\/p>\n<\/blockquote>\n\n\n\n<p class=\"has-text-align-center\">Muut hinnat saat kysym\u00e4ll\u00e4.<\/p>\n","protected":false},"excerpt":{"rendered":"<p>Olemme Oulun Limingantullissa toimiva AD-autokorjaamo. Huollamme ja korjaamme ammattitaidolla kaikki automerkit alkuper\u00e4islaatuisilla&nbsp;varaosilla. Auton takuu s\u00e4ilyy aina ennallaan uudessakin autossa. Meilt\u00e4 mm. Kattavat m\u00e4\u00e4r\u00e4aikaishuollot, automaattivaihteisto\u00f6ljyt huuhtelemalla, alustan korjaukset, jakop\u00e4\u00e4huollot, ilmastointihuollot ja vikadiagnoosit. Hinnat sis\u00e4lt\u00e4v\u00e4t Alv 25.5% Tuntihinta alkaen. 85 \u20ac \/ h \u2022Ilmastointihuolto (R134a) Alkaen. 69 \u20ac \u2022Ilmastointihuolto (R1234yf) Alkaen. 89 [&hellip;]<\/p>\n","protected":false},"author":1,"featured_media":0,"parent":0,"menu_order":0,"comment_status":"closed","ping_status":"closed","template":"","meta":{"footnotes":""},"class_list":["post-112","page","type-page","status-publish","hentry"],"_links":{"self":[{"href":"https:\/\/www.car-fix.fi\/index.php?rest_route=\/wp\/v2\/pages\/112","targetHints":{"allow":["GET"]}}],"collection":[{"href":"https:\/\/www.car-fix.fi\/index.php?rest_route=\/wp\/v2\/pages"}],"about":[{"href":"https:\/\/www.car-fix.fi\/index.php?rest_route=\/wp\/v2\/types\/page"}],"author":[{"embeddable":true,"href":"https:\/\/www.car-fix.fi\/index.php?rest_route=\/wp\/v2\/users\/1"}],"replies":[{"embeddable":true,"href":"https:\/\/www.car-fix.fi\/index.php?rest_route=%2Fwp%2Fv2%2Fcomments&post=112"}],"version-history":[{"count":18,"href":"https:\/\/www.car-fix.fi\/index.php?rest_route=\/wp\/v2\/pages\/112\/revisions"}],"predecessor-version":[{"id":353,"href":"https:\/\/www.car-fix.fi\/index.php?rest_route=\/wp\/v2\/pages\/112\/revisions\/353"}],"wp:attachment":[{"href":"https:\/\/www.car-fix.fi\/index.php?rest_route=%2Fwp%2Fv2%2Fmedia&parent=112"}],"curies":[{"name":"wp","href":"https:\/\/api.w.org\/{rel}","templated":true}]}}