{"id":181,"date":"2021-06-16T12:10:57","date_gmt":"2021-06-16T12:10:57","guid":{"rendered":"https:\/\/www.car-fix.fi\/?page_id=181"},"modified":"2021-06-16T12:56:15","modified_gmt":"2021-06-16T12:56:15","slug":"esittely","status":"publish","type":"page","link":"https:\/\/www.car-fix.fi\/?page_id=181","title":{"rendered":"Esittely"},"content":{"rendered":"\n<h1 class=\"wp-block-heading\">AD-Autokorjaamo Car-Fix &#8211; autosi alkuper\u00e4inen takuu s\u00e4ilyy<\/h1>\n\n\n\n<p>Meill\u00e4 asioidessasi uudenkin auton takuu s\u00e4ilyy ennallaan. Asiointi meill\u00e4 on kaikin puolin turvallista ja luotettavaa.K\u00e4sitys siit\u00e4, ett\u00e4 auton takuu s\u00e4ilyisi vain autokauppojen merkkikorjaamoissa on vanhentunut. Lains\u00e4\u00e4d\u00e4nt\u00f6 on varmistanut sen, ett\u00e4 auton omistaja voi itse valita miss\u00e4 huollattaa autonsa ilman, ett\u00e4 takuun voimassa pysymiselle aiheutuu mink\u00e4\u00e4nlaista riski\u00e4. Car-Fix on valtuutettu AD-Autokorjaamo ja siksi hyv\u00e4 ja edullinen vaihtoehto autokauppojen merkkikorjaamoille.<\/p>\n\n\n\n<p><strong>AD jatkaa auton matkaa!<\/strong><\/p>\n\n\n\n<div style=\"height:9px\" aria-hidden=\"true\" class=\"wp-block-spacer\"><\/div>\n\n\n\n<div class=\"wp-block-buttons is-content-justification-center is-layout-flex wp-block-buttons-is-layout-flex\">\n<div class=\"wp-block-button is-style-fill\"><a class=\"wp-block-button__link\" href=\"https:\/\/ad-finland.com\/autokorjaamo\/oulu\/ad-autokorjaamo-car-fix\" target=\"_blank\" rel=\"noreferrer noopener\">AD-Autokorjaamo sivumme<\/a><\/div>\n<\/div>\n","protected":false},"excerpt":{"rendered":"<p>AD-Autokorjaamo Car-Fix &#8211; autosi alkuper\u00e4inen takuu s\u00e4ilyy Meill\u00e4 asioidessasi uudenkin auton takuu s\u00e4ilyy ennallaan. Asiointi meill\u00e4 on kaikin puolin turvallista ja luotettavaa.K\u00e4sitys siit\u00e4, ett\u00e4 auton takuu s\u00e4ilyisi vain autokauppojen merkkikorjaamoissa on vanhentunut. Lains\u00e4\u00e4d\u00e4nt\u00f6 on varmistanut sen, ett\u00e4 auton omistaja voi itse valita miss\u00e4 huollattaa autonsa ilman, ett\u00e4 takuun voimassa pysymiselle [&hellip;]<\/p>\n","protected":false},"author":1,"featured_media":0,"parent":0,"menu_order":0,"comment_status":"closed","ping_status":"closed","template":"","meta":{"footnotes":""},"class_list":["post-181","page","type-page","status-publish","hentry"],"_links":{"self":[{"href":"https:\/\/www.car-fix.fi\/index.php?rest_route=\/wp\/v2\/pages\/181","targetHints":{"allow":["GET"]}}],"collection":[{"href":"https:\/\/www.car-fix.fi\/index.php?rest_route=\/wp\/v2\/pages"}],"about":[{"href":"https:\/\/www.car-fix.fi\/index.php?rest_route=\/wp\/v2\/types\/page"}],"author":[{"embeddable":true,"href":"https:\/\/www.car-fix.fi\/index.php?rest_route=\/wp\/v2\/users\/1"}],"replies":[{"embeddable":true,"href":"https:\/\/www.car-fix.fi\/index.php?rest_route=%2Fwp%2Fv2%2Fcomments&post=181"}],"version-history":[{"count":7,"href":"https:\/\/www.car-fix.fi\/index.php?rest_route=\/wp\/v2\/pages\/181\/revisions"}],"predecessor-version":[{"id":199,"href":"https:\/\/www.car-fix.fi\/index.php?rest_route=\/wp\/v2\/pages\/181\/revisions\/199"}],"wp:attachment":[{"href":"https:\/\/www.car-fix.fi\/index.php?rest_route=%2Fwp%2Fv2%2Fmedia&parent=181"}],"curies":[{"name":"wp","href":"https:\/\/api.w.org\/{rel}","templated":true}]}}