{"id":2,"date":"2021-03-26T09:35:57","date_gmt":"2021-03-26T09:35:57","guid":{"rendered":"https:\/\/www.car-fix.fi\/?page_id=2"},"modified":"2023-03-20T12:54:38","modified_gmt":"2023-03-20T12:54:38","slug":"fiksaamo","status":"publish","type":"page","link":"https:\/\/www.car-fix.fi\/?page_id=2","title":{"rendered":"Fiksaamo"},"content":{"rendered":"\n<div class=\"wp-block-buttons is-horizontal is-content-justification-center is-layout-flex wp-container-core-buttons-is-layout-1 wp-block-buttons-is-layout-flex\">\n<div class=\"wp-block-button\"><a class=\"wp-block-button__link has-accent-background-color has-text-color has-background wp-element-button\" style=\"border-radius:2px;color:#fffffa\">050 416 5499<\/a><\/div>\n\n\n\n<div class=\"wp-block-button is-style-outline is-style-outline--1\"><a class=\"wp-block-button__link has-accent-color has-text-color wp-element-button\" style=\"border-radius:2px\" rel=\"Limingantulli@ad-autokorjaamo.fi\">carfixoulu@gmail.com<\/a><\/div>\n<\/div>\n\n\n\n<div style=\"height:100px\" aria-hidden=\"true\" class=\"wp-block-spacer\"><\/div>\n\n\n\n<p class=\"has-text-align-center\">Tarjoamme autojen pesu- ja fiksauspalveluita&nbsp;ammattitaidolla.<\/p>\n\n\n<div class=\"wp-block-image\">\n<figure class=\"alignright size-large is-resized\"><img loading=\"lazy\" decoding=\"async\" src=\"https:\/\/www.car-fix.fi\/wp-content\/uploads\/2021\/04\/thumbnail1.jpg\" alt=\"\" class=\"wp-image-44\" width=\"185\" height=\"185\" srcset=\"https:\/\/www.car-fix.fi\/wp-content\/uploads\/2021\/04\/thumbnail1.jpg 300w, https:\/\/www.car-fix.fi\/wp-content\/uploads\/2021\/04\/thumbnail1-150x150.jpg 150w\" sizes=\"auto, (max-width: 185px) 100vw, 185px\" \/><\/figure><\/div>\n\n\n<blockquote class=\"wp-block-quote has-text-align-left is-layout-flow wp-block-quote-is-layout-flow\">\n<p><strong>Hinnat ovat alkaen hintoja<\/strong><\/p>\n\n\n\n<p><strong>Hinnat sis\u00e4lt\u00e4v\u00e4t Alv 24%<\/strong><\/p>\n\n\n\n<p><strong>Tuntiveloitus 79 \u20ac \/ h<\/strong><\/p>\n\n\n\n<p><strong>Henkil\u00f6autot<\/strong><\/p>\n\n\n\n<p>\u2022K\u00e4sinpesu ja sis\u00e4puhdistus   120 \u20ac<\/p>\n\n\n\n<p><em>\u2022K\u00e4sinpesu ja sis\u00e4pesu   200 \u20ac<\/em><\/p>\n\n\n\n<p>\u2022K\u00e4sinpesu ja vahaus   120 \u20ac<\/p>\n\n\n\n<p><em>\u2022K\u00e4sinpesu ja kovavahaus   150 \u20ac<\/em><\/p>\n\n\n\n<p>\u2022 Kestopinnoitteet   <em>Alkaen<\/em>. 350 \u20ac<\/p>\n\n\n\n<p><em>\u2022 <\/em>Moottorinpesu   <em>Alkaen<\/em>. 30 \u20ac (Asiakkaan vastuulla)<\/p>\n\n\n\n<p><em>\u2022 <\/em>K\u00e4sinpesu (P\u00e4\u00e4ly)   30 \u20ac<\/p>\n\n\n\n<p><em>\u2022 <\/em>K\u00e4sinpesu vahalla   45 \u20ac<\/p>\n\n\n\n<p>\u2022Sis\u00e4puhdistus   90 \u20ac<\/p>\n\n\n\n<p><strong>Paketti- ja maastoautot<\/strong><\/p>\n\n\n\n<p><em>\u2022K\u00e4sinpesu ja sis\u00e4puhdistus   140 \u20ac<\/em><\/p>\n\n\n\n<p><em>\u2022K\u00e4sinpesu ja sis\u00e4pesu   <em>Alkaen<\/em>. 200 \u20ac<\/em><\/p>\n\n\n\n<p><em>\u2022K\u00e4sinpesu ja vahaus   140 \u20ac<\/em><\/p>\n\n\n\n<p><em>\u2022K\u00e4sinpesu ja kovavahaus   170 \u20ac<\/em><\/p>\n\n\n\n<p><em>\u2022<\/em>Kestopinnoitteet   Alkaen. 400\u20ac<\/p>\n<\/blockquote>\n\n\n\n<p class=\"has-text-align-center\">Muut hinnat saat kysym\u00e4ll\u00e4.<\/p>\n\n\n\n<div style=\"height:100px\" aria-hidden=\"true\" class=\"wp-block-spacer\"><\/div>\n","protected":false},"excerpt":{"rendered":"<p>Tarjoamme autojen pesu- ja fiksauspalveluita&nbsp;ammattitaidolla. Hinnat ovat alkaen hintoja Hinnat sis\u00e4lt\u00e4v\u00e4t Alv 24% Tuntiveloitus 79 \u20ac \/ h Henkil\u00f6autot \u2022K\u00e4sinpesu ja sis\u00e4puhdistus 120 \u20ac \u2022K\u00e4sinpesu ja sis\u00e4pesu 200 \u20ac \u2022K\u00e4sinpesu ja vahaus 120 \u20ac \u2022K\u00e4sinpesu ja kovavahaus 150 \u20ac \u2022 Kestopinnoitteet Alkaen. 350 \u20ac \u2022 Moottorinpesu Alkaen. 30 \u20ac (Asiakkaan [&hellip;]<\/p>\n","protected":false},"author":1,"featured_media":0,"parent":0,"menu_order":0,"comment_status":"closed","ping_status":"closed","template":"","meta":{"footnotes":""},"class_list":["post-2","page","type-page","status-publish","hentry"],"_links":{"self":[{"href":"https:\/\/www.car-fix.fi\/index.php?rest_route=\/wp\/v2\/pages\/2","targetHints":{"allow":["GET"]}}],"collection":[{"href":"https:\/\/www.car-fix.fi\/index.php?rest_route=\/wp\/v2\/pages"}],"about":[{"href":"https:\/\/www.car-fix.fi\/index.php?rest_route=\/wp\/v2\/types\/page"}],"author":[{"embeddable":true,"href":"https:\/\/www.car-fix.fi\/index.php?rest_route=\/wp\/v2\/users\/1"}],"replies":[{"embeddable":true,"href":"https:\/\/www.car-fix.fi\/index.php?rest_route=%2Fwp%2Fv2%2Fcomments&post=2"}],"version-history":[{"count":33,"href":"https:\/\/www.car-fix.fi\/index.php?rest_route=\/wp\/v2\/pages\/2\/revisions"}],"predecessor-version":[{"id":342,"href":"https:\/\/www.car-fix.fi\/index.php?rest_route=\/wp\/v2\/pages\/2\/revisions\/342"}],"wp:attachment":[{"href":"https:\/\/www.car-fix.fi\/index.php?rest_route=%2Fwp%2Fv2%2Fmedia&parent=2"}],"curies":[{"name":"wp","href":"https:\/\/api.w.org\/{rel}","templated":true}]}}